{"id":7275,"date":"2021-10-05T12:03:00","date_gmt":"2021-10-05T10:03:00","guid":{"rendered":"http:\/\/noix.zedd.pro\/?page_id=7275"},"modified":"2021-11-03T16:37:26","modified_gmt":"2021-11-03T15:37:26","slug":"noix-bio","status":"publish","type":"page","link":"https:\/\/www.coopenoix.com\/en\/produits\/noix-bio\/","title":{"rendered":"Organic walnuts"},"content":{"rendered":"<div data-elementor-type=\"wp-page\" data-elementor-id=\"7275\" class=\"elementor elementor-7275\">\n\t\t\t\t\t\t<section class=\"elementor-section elementor-top-section elementor-element elementor-element-781f09a elementor-section-boxed elementor-section-height-default elementor-section-height-default\" data-id=\"781f09a\" data-element_type=\"section\" data-e-type=\"section\">\r\n\t\t\t\t\t\t<div class=\"elementor-container elementor-column-gap-thegem\"><div class=\"elementor-row\">\r\n\t\t\t\t\t<div class=\"elementor-column elementor-col-100 elementor-top-column elementor-element elementor-element-34f3566\" data-id=\"34f3566\" data-element_type=\"column\" data-e-type=\"column\">\n\t\t\t<div class=\"elementor-widget-wrap elementor-element-populated\">\n\t\t\t\t\t\t<section class=\"elementor-section elementor-inner-section elementor-element elementor-element-6c735e0 elementor-section-boxed elementor-section-height-default elementor-section-height-default\" data-id=\"6c735e0\" data-element_type=\"section\" data-e-type=\"section\">\r\n\t\t\t\t\t\t<div class=\"elementor-container elementor-column-gap-thegem\"><div class=\"elementor-row\">\r\n\t\t\t\t\t<div class=\"elementor-column elementor-col-50 elementor-inner-column elementor-element elementor-element-dd711ab\" data-id=\"dd711ab\" data-element_type=\"column\" data-e-type=\"column\">\n\t\t\t<div class=\"elementor-widget-wrap elementor-element-populated\">\n\t\t\t\t\t\t<div class=\"elementor-element elementor-element-67c77ca flex-horizontal-align-default flex-horizontal-align-tablet-default flex-horizontal-align-mobile-default flex-vertical-align-default flex-vertical-align-tablet-default flex-vertical-align-mobile-default elementor-widget elementor-widget-text-editor\" data-id=\"67c77ca\" data-element_type=\"widget\" data-e-type=\"widget\" data-widget_type=\"text-editor.default\">\n\t\t\t\t<div class=\"elementor-widget-container\">\n\t\t\t\t\t\t\t\t\t\t\t\t<div class=\"elementor-text-editor elementor-clearfix\">\r\n\t\t\t\t\t\t<h2 class=\"title-h2 translation-block\">Organic walnuts<\/h2>\t\t\t\t\t\t\t<\/div>\r\n\t\t\t\t\t\t\t\t\t\t<\/div>\n\t\t\t\t<\/div>\n\t\t\t\t<div class=\"elementor-element elementor-element-603e144 elementor-widget-divider--view-line flex-horizontal-align-default flex-horizontal-align-tablet-default flex-horizontal-align-mobile-default flex-vertical-align-default flex-vertical-align-tablet-default flex-vertical-align-mobile-default elementor-widget elementor-widget-divider\" data-id=\"603e144\" data-element_type=\"widget\" data-e-type=\"widget\" data-widget_type=\"divider.default\">\n\t\t\t\t<div class=\"elementor-widget-container\">\n\t\t\t\t\t\t\t<div class=\"elementor-divider\">\n\t\t\t<span class=\"elementor-divider-separator\">\n\t\t\t\t\t\t<\/span>\n\t\t<\/div>\n\t\t\t\t\t\t<\/div>\n\t\t\t\t<\/div>\n\t\t\t\t<div class=\"elementor-element elementor-element-c27e146 flex-horizontal-align-default flex-horizontal-align-tablet-default flex-horizontal-align-mobile-default flex-vertical-align-default flex-vertical-align-tablet-default flex-vertical-align-mobile-default elementor-widget elementor-widget-image\" data-id=\"c27e146\" data-element_type=\"widget\" data-e-type=\"widget\" data-widget_type=\"image.default\">\n\t\t\t\t<div class=\"elementor-widget-container\">\n\t\t\t\t\t\t\t\t\t\t\t\t\t\t\t<img width=\"800\" height=\"533\" src=\"https:\/\/www.coopenoix.com\/wp-content\/uploads\/2021\/10\/Filet-BIOAO-Noix-de-Grenoble-Bio-Face-A-5kg-BD.jpg\" class=\"attachment-large size-large wp-image-7484\" alt=\"\" srcset=\"https:\/\/www.coopenoix.com\/wp-content\/uploads\/2021\/10\/Filet-BIOAO-Noix-de-Grenoble-Bio-Face-A-5kg-BD.jpg 800w, https:\/\/www.coopenoix.com\/wp-content\/uploads\/2021\/10\/Filet-BIOAO-Noix-de-Grenoble-Bio-Face-A-5kg-BD-300x200.jpg 300w, https:\/\/www.coopenoix.com\/wp-content\/uploads\/2021\/10\/Filet-BIOAO-Noix-de-Grenoble-Bio-Face-A-5kg-BD-768x512.jpg 768w\" sizes=\"(max-width: 800px) 100vw, 800px\" \/>\t\t\t\t\t\t\t\t\t\t\t\t\t\t\t<\/div>\n\t\t\t\t<\/div>\n\t\t\t\t\t<\/div>\n\t\t<\/div>\n\t\t\t\t<div class=\"elementor-column elementor-col-50 elementor-inner-column elementor-element elementor-element-22668b6\" data-id=\"22668b6\" data-element_type=\"column\" data-e-type=\"column\">\n\t\t\t<div class=\"elementor-widget-wrap elementor-element-populated\">\n\t\t\t\t\t\t<div class=\"elementor-element elementor-element-d63f917 elementor-widget__width-initial flex-horizontal-align-default flex-horizontal-align-tablet-default flex-horizontal-align-mobile-default flex-vertical-align-default flex-vertical-align-tablet-default flex-vertical-align-mobile-default elementor-widget elementor-widget-text-editor\" data-id=\"d63f917\" data-element_type=\"widget\" data-e-type=\"widget\" data-settings=\"{&quot;thegem_custom_css&quot;:&quot;.blue-solid-border::before{\\ncontent: &#039;&#039;;\\nposition: absolute;\\ntop: 60px;\\nleft: -60px;\\nwidth: 100%;\\nheight: 100%;\\nborder: 12px solid #00bcd4;}&quot;}\" data-widget_type=\"text-editor.default\">\n\t\t\t\t<div class=\"elementor-widget-container\">\n\t\t\t\t\t\t\t\t\t\t\t\t<div class=\"elementor-text-editor elementor-clearfix\">\r\n\t\t\t\t\t\t<h3 style=\"margin-bottom: 1em;\">Walnuts from organic farming<\/h3>\n<p class=\"styled-subtitle\">The cooperative is leading a rational and natural process with the steady conversion of members to organic production.<\/p>\n<strong>700 tons<\/strong> 700 tons of organic walnuts are delivered each year by about 80 producers to <strong>the COOPENOIX station certified by ECOCERT.<\/strong>.\n<p style=\"text-align: left;\"><img class=\"alignnone wp-image-8807 size-medium\" src=\"https:\/\/www.coopenoix.com\/wp-content\/uploads\/2021\/10\/AB_HD-248x300.jpg\" alt=\"\" width=\"150\" height=\"200\" \/> <img class=\"size-medium wp-image-8808 alignright\" src=\"https:\/\/www.coopenoix.com\/wp-content\/uploads\/2021\/10\/LOGO-EUROPEEN-BIO-1-300x200.jpg\" alt=\"\" width=\"200\" height=\"166\" \/><\/p>\t\t\t\t\t\t\t<\/div>\r\n\t\t\t\t\t\t\t\t\t\t<\/div>\n\t\t\t\t<\/div>\n\t\t\t\t\t<\/div>\n\t\t<\/div>\n\t\t\t\t\t<\/div><\/div>\r\n\t\t<\/section>\r\n\t\t\t\t\t<\/div>\n\t\t<\/div>\n\t\t\t\t\t<\/div><\/div>\r\n\t\t<\/section>\r\n\t\t\t\t<section class=\"elementor-section elementor-top-section elementor-element elementor-element-f8c1dea elementor-section-stretched elementor-section-boxed elementor-section-height-default elementor-section-height-default\" data-id=\"f8c1dea\" data-element_type=\"section\" data-e-type=\"section\" data-settings=\"{&quot;background_background&quot;:&quot;classic&quot;,&quot;stretch_section&quot;:&quot;section-stretched&quot;}\">\r\n\t\t\t\t\t\t<div class=\"elementor-container elementor-column-gap-thegem\"><div class=\"elementor-row\">\r\n\t\t\t\t\t<div class=\"elementor-column elementor-col-100 elementor-top-column elementor-element elementor-element-6bcf488\" data-id=\"6bcf488\" data-element_type=\"column\" data-e-type=\"column\">\n\t\t\t<div class=\"elementor-widget-wrap elementor-element-populated\">\n\t\t\t\t\t\t<section class=\"elementor-section elementor-inner-section elementor-element elementor-element-4633329 elementor-section-boxed elementor-section-height-default elementor-section-height-default\" data-id=\"4633329\" data-element_type=\"section\" data-e-type=\"section\">\r\n\t\t\t\t\t\t<div class=\"elementor-container elementor-column-gap-thegem\"><div class=\"elementor-row\">\r\n\t\t\t\t\t<div class=\"elementor-column elementor-col-50 elementor-inner-column elementor-element elementor-element-23a6a2f\" data-id=\"23a6a2f\" data-element_type=\"column\" data-e-type=\"column\">\n\t\t\t<div class=\"elementor-widget-wrap elementor-element-populated\">\n\t\t\t\t\t\t<div class=\"elementor-element elementor-element-4df2483 elementor-arrows-position-inside elementor-pagination-position-outside flex-horizontal-align-default flex-horizontal-align-tablet-default flex-horizontal-align-mobile-default flex-vertical-align-default flex-vertical-align-tablet-default flex-vertical-align-mobile-default elementor-widget elementor-widget-image-carousel\" data-id=\"4df2483\" data-element_type=\"widget\" data-e-type=\"widget\" data-settings=\"{&quot;slides_to_show&quot;:&quot;1&quot;,&quot;navigation&quot;:&quot;both&quot;,&quot;autoplay&quot;:&quot;yes&quot;,&quot;pause_on_hover&quot;:&quot;yes&quot;,&quot;pause_on_interaction&quot;:&quot;yes&quot;,&quot;autoplay_speed&quot;:5000,&quot;infinite&quot;:&quot;yes&quot;,&quot;effect&quot;:&quot;slide&quot;,&quot;speed&quot;:500}\" data-widget_type=\"image-carousel.default\">\n\t\t\t\t<div class=\"elementor-widget-container\">\n\t\t\t\t\t\t\t<div class=\"elementor-image-carousel-wrapper swiper\" role=\"region\" aria-roledescription=\"carousel\" aria-label=\"Image Carousel\" dir=\"ltr\" data-no-translation-aria-label=\"\">\n\t\t\t<div class=\"elementor-image-carousel swiper-wrapper\" aria-live=\"off\">\n\t\t\t\t\t\t\t\t<div class=\"swiper-slide\" role=\"group\" aria-roledescription=\"slide\" aria-label=\"1 of 3\" data-no-translation-aria-label=\"\"><figure class=\"swiper-slide-inner\"><img class=\"swiper-slide-image\" src=\"https:\/\/www.coopenoix.com\/wp-content\/uploads\/elementor\/thumbs\/Sachet-papier-bio-500gr-fond-neutre-face-A-BD-pe4hgd44w4fxaw2y4ldy6pryvdidrrh16mgcruz8jk.jpg\" alt=\"Sachet-papier-bio-500gr-fond-neutre-face-A-BD\" \/><\/figure><\/div><div class=\"swiper-slide\" role=\"group\" aria-roledescription=\"slide\" aria-label=\"2 of 3\" data-no-translation-aria-label=\"\"><figure class=\"swiper-slide-inner\"><img class=\"swiper-slide-image\" src=\"https:\/\/www.coopenoix.com\/wp-content\/uploads\/elementor\/thumbs\/DIM01303-sachet-bio-BD-pe4hirlacvqaz0lc3mrmk3ydito5fx0c6ih0xbf0n4.jpg\" alt=\"DIM01303-sachet-bio-BD\" \/><\/figure><\/div><div class=\"swiper-slide\" role=\"group\" aria-roledescription=\"slide\" aria-label=\"3 of 3\" data-no-translation-aria-label=\"\"><figure class=\"swiper-slide-inner\"><img class=\"swiper-slide-image\" src=\"https:\/\/www.coopenoix.com\/wp-content\/uploads\/elementor\/thumbs\/AB_BD-pe4hl9tskz5txky9gprt7h6mjtbdyuykix3mzvp81s.png\" alt=\"AB_BD\" \/><\/figure><\/div>\t\t\t<\/div>\n\t\t\t\t\t\t\t\t\t\t\t\t<div class=\"elementor-swiper-button elementor-swiper-button-prev\" role=\"button\" tabindex=\"0\">\n\t\t\t\t\t\t<i aria-hidden=\"true\" class=\"eicon-chevron-left\"><\/i>\t\t\t\t\t<\/div>\n\t\t\t\t\t<div class=\"elementor-swiper-button elementor-swiper-button-next\" role=\"button\" tabindex=\"0\">\n\t\t\t\t\t\t<i aria-hidden=\"true\" class=\"eicon-chevron-right\"><\/i>\t\t\t\t\t<\/div>\n\t\t\t\t\n\t\t\t\t\t\t\t\t\t<div class=\"swiper-pagination\"><\/div>\n\t\t\t\t\t\t\t\t\t<\/div>\n\t\t\t\t\t\t<\/div>\n\t\t\t\t<\/div>\n\t\t\t\t\t<\/div>\n\t\t<\/div>\n\t\t\t\t<div class=\"elementor-column elementor-col-50 elementor-inner-column elementor-element elementor-element-a520c62\" data-id=\"a520c62\" data-element_type=\"column\" data-e-type=\"column\">\n\t\t\t<div class=\"elementor-widget-wrap elementor-element-populated\">\n\t\t\t\t\t\t<div class=\"elementor-element elementor-element-78a1033 flex-horizontal-align-default flex-horizontal-align-tablet-default flex-horizontal-align-mobile-default flex-vertical-align-default flex-vertical-align-tablet-default flex-vertical-align-mobile-default elementor-widget elementor-widget-text-editor\" data-id=\"78a1033\" data-element_type=\"widget\" data-e-type=\"widget\" data-widget_type=\"text-editor.default\">\n\t\t\t\t<div class=\"elementor-widget-container\">\n\t\t\t\t\t\t\t\t\t\t\t\t<div class=\"elementor-text-editor elementor-clearfix\">\r\n\t\t\t\t\t\t<h2 class=\"title-h2 translation-block\"><span class=\"light\">Organic walnuts  packings<\/h2>\t\t\t\t\t\t\t<\/div>\r\n\t\t\t\t\t\t\t\t\t\t<\/div>\n\t\t\t\t<\/div>\n\t\t\t\t<div class=\"elementor-element elementor-element-ce21ff4 elementor-widget-divider--view-line flex-horizontal-align-default flex-horizontal-align-tablet-default flex-horizontal-align-mobile-default flex-vertical-align-default flex-vertical-align-tablet-default flex-vertical-align-mobile-default elementor-widget elementor-widget-divider\" data-id=\"ce21ff4\" data-element_type=\"widget\" data-e-type=\"widget\" data-widget_type=\"divider.default\">\n\t\t\t\t<div class=\"elementor-widget-container\">\n\t\t\t\t\t\t\t<div class=\"elementor-divider\">\n\t\t\t<span class=\"elementor-divider-separator\">\n\t\t\t\t\t\t<\/span>\n\t\t<\/div>\n\t\t\t\t\t\t<\/div>\n\t\t\t\t<\/div>\n\t\t\t\t<div class=\"elementor-element elementor-element-9fa9891 flex-horizontal-align-default flex-horizontal-align-tablet-default flex-horizontal-align-mobile-default flex-vertical-align-default flex-vertical-align-tablet-default flex-vertical-align-mobile-default elementor-widget elementor-widget-text-editor\" data-id=\"9fa9891\" data-element_type=\"widget\" data-e-type=\"widget\" data-widget_type=\"text-editor.default\">\n\t\t\t\t<div class=\"elementor-widget-container\">\n\t\t\t\t\t\t\t\t\t\t\t\t<div class=\"elementor-text-editor elementor-clearfix\">\r\n\t\t\t\t\t\t<p>Coopenoix proposes 2 packings in its own brands :<\/p><ul><li>500gr cello bag<\/li><li>5kg net<\/li><\/ul><p>We also supply our clients with organic walnuts in their own private distributors brands.<\/p>\t\t\t\t\t\t\t<\/div>\r\n\t\t\t\t\t\t\t\t\t\t<\/div>\n\t\t\t\t<\/div>\n\t\t\t\t\t<\/div>\n\t\t<\/div>\n\t\t\t\t\t<\/div><\/div>\r\n\t\t<\/section>\r\n\t\t\t\t\t<\/div>\n\t\t<\/div>\n\t\t\t\t\t<\/div><\/div>\r\n\t\t<\/section>\r\n\t\t\t\t<\/div>","protected":false},"excerpt":{"rendered":"<p>La NOix BIO La noix bio La coop\u00e9rative s\u2019inscrit dans une d\u00e9marche de d\u00e9veloppement avec la conversion r\u00e9guli\u00e8re d\u2019adh\u00e9rents \u00e0&#8230;<\/p>","protected":false},"author":1,"featured_media":0,"parent":1788,"menu_order":2,"comment_status":"closed","ping_status":"closed","template":"page-fullwidth.php","meta":{"_monsterinsights_skip_tracking":false,"_monsterinsights_sitenote_active":false,"_monsterinsights_sitenote_note":"","_monsterinsights_sitenote_category":0,"footnotes":""},"class_list":["post-7275","page","type-page","status-publish"],"yoast_head":"<!-- This site is optimized with the Yoast SEO plugin v27.0 - https:\/\/yoast.com\/product\/yoast-seo-wordpress\/ -->\n<title>La noix bio certifi\u00e9e Ecocert\u2013 100% origine France \u2013 Agriculture Biologique<\/title>\n<meta name=\"description\" content=\"700 tonnes de noix s\u00e8ches certifi\u00e9es Agriculture Biologique sont produites \u00e0 la coop\u00e9rative\" \/>\n<meta name=\"robots\" content=\"index, follow, max-snippet:-1, max-image-preview:large, max-video-preview:-1\" \/>\n<link rel=\"canonical\" href=\"https:\/\/www.coopenoix.com\/en\/produits\/noix-bio\/\" \/>\n<meta property=\"og:locale\" content=\"en_US\" \/>\n<meta property=\"og:type\" content=\"article\" \/>\n<meta property=\"og:title\" content=\"La noix bio certifi\u00e9e Ecocert\u2013 100% origine France \u2013 Agriculture Biologique\" \/>\n<meta property=\"og:description\" content=\"700 tonnes de noix s\u00e8ches certifi\u00e9es Agriculture Biologique sont produites \u00e0 la coop\u00e9rative\" \/>\n<meta property=\"og:url\" content=\"https:\/\/www.coopenoix.com\/en\/produits\/noix-bio\/\" \/>\n<meta property=\"og:site_name\" content=\"Coopenoix\" \/>\n<meta property=\"article:modified_time\" content=\"2021-11-03T15:37:26+00:00\" \/>\n<meta property=\"og:image\" content=\"https:\/\/www.coopenoix.com\/wp-content\/uploads\/2021\/10\/Filet-BIOAO-Noix-de-Grenoble-Bio-Face-A-5kg-BD.jpg\" \/>\n<meta name=\"twitter:card\" content=\"summary_large_image\" \/>\n<meta name=\"twitter:label1\" content=\"Est. reading time\" \/>\n\t<meta name=\"twitter:data1\" content=\"2 minutes\" \/>\n<script type=\"application\/ld+json\" class=\"yoast-schema-graph\">{\"@context\":\"https:\/\/schema.org\",\"@graph\":[{\"@type\":\"WebPage\",\"@id\":\"https:\/\/www.coopenoix.com\/produits\/noix-bio\/\",\"url\":\"https:\/\/www.coopenoix.com\/produits\/noix-bio\/\",\"name\":\"La noix bio certifi\u00e9e Ecocert\u2013 100% origine France \u2013 Agriculture Biologique\",\"isPartOf\":{\"@id\":\"https:\/\/www.coopenoix.com\/#website\"},\"primaryImageOfPage\":{\"@id\":\"https:\/\/www.coopenoix.com\/produits\/noix-bio\/#primaryimage\"},\"image\":{\"@id\":\"https:\/\/www.coopenoix.com\/produits\/noix-bio\/#primaryimage\"},\"thumbnailUrl\":\"https:\/\/www.coopenoix.com\/wp-content\/uploads\/2021\/10\/Filet-BIOAO-Noix-de-Grenoble-Bio-Face-A-5kg-BD.jpg\",\"datePublished\":\"2021-10-05T10:03:00+00:00\",\"dateModified\":\"2021-11-03T15:37:26+00:00\",\"description\":\"700 tonnes de noix s\u00e8ches certifi\u00e9es Agriculture Biologique sont produites \u00e0 la coop\u00e9rative\",\"breadcrumb\":{\"@id\":\"https:\/\/www.coopenoix.com\/produits\/noix-bio\/#breadcrumb\"},\"inLanguage\":\"en-US\",\"potentialAction\":[{\"@type\":\"ReadAction\",\"target\":[\"https:\/\/www.coopenoix.com\/produits\/noix-bio\/\"]}]},{\"@type\":\"ImageObject\",\"inLanguage\":\"en-US\",\"@id\":\"https:\/\/www.coopenoix.com\/produits\/noix-bio\/#primaryimage\",\"url\":\"https:\/\/www.coopenoix.com\/wp-content\/uploads\/2021\/10\/Filet-BIOAO-Noix-de-Grenoble-Bio-Face-A-5kg-BD.jpg\",\"contentUrl\":\"https:\/\/www.coopenoix.com\/wp-content\/uploads\/2021\/10\/Filet-BIOAO-Noix-de-Grenoble-Bio-Face-A-5kg-BD.jpg\"},{\"@type\":\"BreadcrumbList\",\"@id\":\"https:\/\/www.coopenoix.com\/produits\/noix-bio\/#breadcrumb\",\"itemListElement\":[{\"@type\":\"ListItem\",\"position\":1,\"name\":\"Accueil\",\"item\":\"https:\/\/www.coopenoix.com\/\"},{\"@type\":\"ListItem\",\"position\":2,\"name\":\"Nos produits\",\"item\":\"https:\/\/www.coopenoix.com\/produits\/\"},{\"@type\":\"ListItem\",\"position\":3,\"name\":\"Noix Bio\"}]},{\"@type\":\"WebSite\",\"@id\":\"https:\/\/www.coopenoix.com\/#website\",\"url\":\"https:\/\/www.coopenoix.com\/\",\"name\":\"Coopenoix\",\"description\":\"La coop\u00e9ratve qui fait craquer la noix de Grenoble\",\"potentialAction\":[{\"@type\":\"SearchAction\",\"target\":{\"@type\":\"EntryPoint\",\"urlTemplate\":\"https:\/\/www.coopenoix.com\/?s={search_term_string}\"},\"query-input\":{\"@type\":\"PropertyValueSpecification\",\"valueRequired\":true,\"valueName\":\"search_term_string\"}}],\"inLanguage\":\"en-US\"}]}<\/script>\n<!-- \/ Yoast SEO plugin. -->","yoast_head_json":{"title":"Ecocert certified organic walnut","description":"700 tons of walnuts certified from organic agriculture are produced at the cooperative","robots":{"index":"index","follow":"follow","max-snippet":"max-snippet:-1","max-image-preview":"max-image-preview:large","max-video-preview":"max-video-preview:-1"},"canonical":"https:\/\/www.coopenoix.com\/en\/produits\/noix-bio\/","og_locale":"en_US","og_type":"article","og_title":"La noix bio certifi\u00e9e Ecocert\u2013 100% origine France \u2013 Agriculture Biologique","og_description":"700 tonnes de noix s\u00e8ches certifi\u00e9es Agriculture Biologique sont produites \u00e0 la coop\u00e9rative","og_url":"https:\/\/www.coopenoix.com\/en\/produits\/noix-bio\/","og_site_name":"Coopenoix","article_modified_time":"2021-11-03T15:37:26+00:00","og_image":[{"url":"https:\/\/www.coopenoix.com\/wp-content\/uploads\/2021\/10\/Filet-BIOAO-Noix-de-Grenoble-Bio-Face-A-5kg-BD.jpg","type":"","width":"","height":""}],"twitter_card":"summary_large_image","twitter_misc":{"Est. reading time":"2 minutes"},"schema":{"@context":"https:\/\/schema.org","@graph":[{"@type":"WebPage","@id":"https:\/\/www.coopenoix.com\/produits\/noix-bio\/","url":"https:\/\/www.coopenoix.com\/produits\/noix-bio\/","name":"Ecocert certified organic walnut","isPartOf":{"@id":"https:\/\/www.coopenoix.com\/#website"},"primaryImageOfPage":{"@id":"https:\/\/www.coopenoix.com\/produits\/noix-bio\/#primaryimage"},"image":{"@id":"https:\/\/www.coopenoix.com\/produits\/noix-bio\/#primaryimage"},"thumbnailUrl":"https:\/\/www.coopenoix.com\/wp-content\/uploads\/2021\/10\/Filet-BIOAO-Noix-de-Grenoble-Bio-Face-A-5kg-BD.jpg","datePublished":"2021-10-05T10:03:00+00:00","dateModified":"2021-11-03T15:37:26+00:00","description":"700 tons of walnuts certified from organic agriculture are produced at the cooperative","breadcrumb":{"@id":"https:\/\/www.coopenoix.com\/produits\/noix-bio\/#breadcrumb"},"inLanguage":"en-US","potentialAction":[{"@type":"ReadAction","target":["https:\/\/www.coopenoix.com\/produits\/noix-bio\/"]}]},{"@type":"ImageObject","inLanguage":"en-US","@id":"https:\/\/www.coopenoix.com\/produits\/noix-bio\/#primaryimage","url":"https:\/\/www.coopenoix.com\/wp-content\/uploads\/2021\/10\/Filet-BIOAO-Noix-de-Grenoble-Bio-Face-A-5kg-BD.jpg","contentUrl":"https:\/\/www.coopenoix.com\/wp-content\/uploads\/2021\/10\/Filet-BIOAO-Noix-de-Grenoble-Bio-Face-A-5kg-BD.jpg"},{"@type":"BreadcrumbList","@id":"https:\/\/www.coopenoix.com\/produits\/noix-bio\/#breadcrumb","itemListElement":[{"@type":"ListItem","position":1,"name":"Accueil","item":"https:\/\/www.coopenoix.com\/"},{"@type":"ListItem","position":2,"name":"Nos produits","item":"https:\/\/www.coopenoix.com\/produits\/"},{"@type":"ListItem","position":3,"name":"Noix Bio"}]},{"@type":"WebSite","@id":"https:\/\/www.coopenoix.com\/#website","url":"https:\/\/www.coopenoix.com\/","name":"Coopenoix","description":"La coop\u00e9ratve qui fait craquer la noix de Grenoble","potentialAction":[{"@type":"SearchAction","target":{"@type":"EntryPoint","urlTemplate":"https:\/\/www.coopenoix.com\/?s={search_term_string}"},"query-input":{"@type":"PropertyValueSpecification","valueRequired":true,"valueName":"search_term_string"}}],"inLanguage":"en-US"}]}},"_links":{"self":[{"href":"https:\/\/www.coopenoix.com\/en\/wp-json\/wp\/v2\/pages\/7275","targetHints":{"allow":["GET"]}}],"collection":[{"href":"https:\/\/www.coopenoix.com\/en\/wp-json\/wp\/v2\/pages"}],"about":[{"href":"https:\/\/www.coopenoix.com\/en\/wp-json\/wp\/v2\/types\/page"}],"author":[{"embeddable":true,"href":"https:\/\/www.coopenoix.com\/en\/wp-json\/wp\/v2\/users\/1"}],"replies":[{"embeddable":true,"href":"https:\/\/www.coopenoix.com\/en\/wp-json\/wp\/v2\/comments?post=7275"}],"version-history":[{"count":76,"href":"https:\/\/www.coopenoix.com\/en\/wp-json\/wp\/v2\/pages\/7275\/revisions"}],"predecessor-version":[{"id":9052,"href":"https:\/\/www.coopenoix.com\/en\/wp-json\/wp\/v2\/pages\/7275\/revisions\/9052"}],"up":[{"embeddable":true,"href":"https:\/\/www.coopenoix.com\/en\/wp-json\/wp\/v2\/pages\/1788"}],"wp:attachment":[{"href":"https:\/\/www.coopenoix.com\/en\/wp-json\/wp\/v2\/media?parent=7275"}],"curies":[{"name":"wp","href":"https:\/\/api.w.org\/{rel}","templated":true}]}}