{"id":1907,"date":"2014-06-11T16:37:38","date_gmt":"2014-06-11T14:37:38","guid":{"rendered":"https:\/\/www.coopenoix.com\/?page_id=1907"},"modified":"2022-01-31T16:32:35","modified_gmt":"2022-01-31T15:32:35","slug":"identification-producteurs","status":"publish","type":"page","link":"https:\/\/www.coopenoix.com\/en\/identification-producteurs\/","title":{"rendered":"Grower's access"},"content":{"rendered":"<div data-elementor-type=\"wp-page\" data-elementor-id=\"1907\" class=\"elementor elementor-1907\">\n\t\t\t\t\t\t<section class=\"elementor-section elementor-top-section elementor-element elementor-element-c55b013 elementor-section-boxed elementor-section-height-default elementor-section-height-default\" data-id=\"c55b013\" data-element_type=\"section\" data-e-type=\"section\">\r\n\t\t\t\t\t\t<div class=\"elementor-container elementor-column-gap-thegem\"><div class=\"elementor-row\">\r\n\t\t\t\t\t<div class=\"elementor-column elementor-col-100 elementor-top-column elementor-element elementor-element-4483290\" data-id=\"4483290\" data-element_type=\"column\" data-e-type=\"column\">\n\t\t\t<div class=\"elementor-widget-wrap elementor-element-populated\">\n\t\t\t\t\t\t<div class=\"elementor-element elementor-element-daac712 form-login flex-horizontal-align-default flex-horizontal-align-tablet-default flex-horizontal-align-mobile-default flex-vertical-align-default flex-vertical-align-tablet-default flex-vertical-align-mobile-default elementor-widget elementor-widget-shortcode\" data-id=\"daac712\" data-element_type=\"widget\" data-e-type=\"widget\" data-widget_type=\"shortcode.default\">\n\t\t\t\t<div class=\"elementor-widget-container\">\n\t\t\t\t\t\t\t<div class=\"elementor-shortcode\"><form name=\"loginform\" id=\"loginform\" action=\"https:\/\/www.coopenoix.com\/wp-login.php\" method=\"post\"><p class=\"login-username\">\n\t\t\t\t<label for=\"user_login\">Identifiant<\/label>\n\t\t\t\t<input type=\"text\" name=\"log\" id=\"user_login\" autocomplete=\"username\" class=\"input\" value=\"\" size=\"20\" \/>\n\t\t\t<\/p><p class=\"login-password\">\n\t\t\t\t<label for=\"user_pass\">Password<\/label>\n\t\t\t\t<input type=\"password\" name=\"pwd\" id=\"user_pass\" autocomplete=\"current-password\" spellcheck=\"false\" class=\"input\" value=\"\" size=\"20\" \/>\n\t\t\t<\/p><p class=\"login-remember\"><label><input name=\"rememberme\" type=\"checkbox\" id=\"rememberme\" value=\"forever\" \/> Remember Me<\/label><\/p><p class=\"login-submit\">\n\t\t\t\t<input type=\"submit\" name=\"wp-submit\" id=\"wp-submit\" class=\"button button-primary\" value=\"Log In\" \/>\n\t\t\t\t<input type=\"hidden\" name=\"redirect_to\" value=\"https:\/\/www.coopenoix.com\/en\/wp-json\/wp\/v2\/pages\/1907\" \/>\n\t\t\t<\/p><\/form><a class=\"wplf-lostpassword\" href=\"https:\/\/www.coopenoix.com\/wp-login.php?action=lostpassword\">Lost your password?<\/a><\/div>\n\t\t\t\t\t\t<\/div>\n\t\t\t\t<\/div>\n\t\t\t\t\t<\/div>\n\t\t<\/div>\n\t\t\t\t\t<\/div><\/div>\r\n\t\t<\/section>\r\n\t\t\t\t<section class=\"elementor-section elementor-top-section elementor-element elementor-element-6878fea elementor-section-stretched elementor-section-content-middle elementor-section-boxed elementor-section-height-default elementor-section-height-default\" data-id=\"6878fea\" data-element_type=\"section\" data-e-type=\"section\" data-settings=\"{&quot;stretch_section&quot;:&quot;section-stretched&quot;}\">\r\n\t\t\t\t\t\t<div class=\"elementor-container elementor-column-gap-thegem\"><div class=\"elementor-row\">\r\n\t\t\t\t\t<div class=\"elementor-column elementor-col-100 elementor-top-column elementor-element elementor-element-c6eb9c8\" data-id=\"c6eb9c8\" data-element_type=\"column\" data-e-type=\"column\">\n\t\t\t<div class=\"elementor-widget-wrap elementor-element-populated\">\n\t\t\t\t\t\t<div class=\"elementor-element elementor-element-97db557 flex-horizontal-align-default flex-horizontal-align-tablet-default flex-horizontal-align-mobile-default flex-vertical-align-default flex-vertical-align-tablet-default flex-vertical-align-mobile-default elementor-widget elementor-widget-text-editor\" data-id=\"97db557\" data-element_type=\"widget\" data-e-type=\"widget\" data-widget_type=\"text-editor.default\">\n\t\t\t\t<div class=\"elementor-widget-container\">\n\t\t\t\t\t\t\t\t\t\t\t\t<div class=\"elementor-text-editor elementor-clearfix\">\r\n\t\t\t\t\t\t<div class=\"styled-subtitle\" style=\"text-align: center;\"><p>Would you like more information?<br \/><strong>Contact our technicians Cl\u00e9mence and Franck<br \/><\/strong><a href=\"tel:+33673392684\"><strong>06 73 39 26 84<\/strong><\/a><strong><strong>\u00a0&#8211; <\/strong><\/strong><a href=\"tel:+33647489029\"><strong>06 47 48 90 29<\/strong><\/a><\/p><p><a href=\"mailto:c.bazus@coopenoix.com\">c.bazus@coopenoix.com &#8211;<\/a> <a href=\"mailto:f.michel@coopenoix.com\">f.michel@coopenoix.com<\/a><\/p><\/div>\t\t\t\t\t\t\t<\/div>\r\n\t\t\t\t\t\t\t\t\t\t<\/div>\n\t\t\t\t<\/div>\n\t\t\t\t\t<\/div>\n\t\t<\/div>\n\t\t\t\t\t<\/div><\/div>\r\n\t\t<\/section>\r\n\t\t\t\t<\/div>","protected":false},"excerpt":{"rendered":"<p>Vous souhaitez obtenir des informations compl\u00e9mentaires ?Contactez nos techniciens Cl\u00e9mence et Franck06 73 39 26 84\u00a0&#8211; 06 47 48 90&#8230;<\/p>","protected":false},"author":1,"featured_media":0,"parent":0,"menu_order":0,"comment_status":"closed","ping_status":"closed","template":"","meta":{"_monsterinsights_skip_tracking":false,"_monsterinsights_sitenote_active":false,"_monsterinsights_sitenote_note":"","_monsterinsights_sitenote_category":0,"footnotes":""},"class_list":["post-1907","page","type-page","status-publish"],"yoast_head":"<!-- This site is optimized with the Yoast SEO plugin v27.0 - https:\/\/yoast.com\/product\/yoast-seo-wordpress\/ -->\n<title>Espace producteur Coopenoix \u2013 Connectez-vous ou rejoignez-nous\u00a0!<\/title>\n<meta name=\"description\" content=\"Espace producteur Coopenoix \u2013 l&#039;espace r\u00e9serv\u00e9 aux producteurs adh\u00e9rents et aux apporteurs\" \/>\n<meta name=\"robots\" content=\"index, follow, max-snippet:-1, max-image-preview:large, max-video-preview:-1\" \/>\n<link rel=\"canonical\" href=\"https:\/\/www.coopenoix.com\/en\/identification-producteurs\/\" \/>\n<meta property=\"og:locale\" content=\"en_US\" \/>\n<meta property=\"og:type\" content=\"article\" \/>\n<meta property=\"og:title\" content=\"Espace producteur Coopenoix \u2013 Connectez-vous ou rejoignez-nous\u00a0!\" \/>\n<meta property=\"og:description\" content=\"Espace producteur Coopenoix \u2013 l&#039;espace r\u00e9serv\u00e9 aux producteurs adh\u00e9rents et aux apporteurs\" \/>\n<meta property=\"og:url\" content=\"https:\/\/www.coopenoix.com\/en\/identification-producteurs\/\" \/>\n<meta property=\"og:site_name\" content=\"Coopenoix\" \/>\n<meta property=\"article:modified_time\" content=\"2022-01-31T15:32:35+00:00\" \/>\n<meta name=\"twitter:card\" content=\"summary_large_image\" \/>\n<meta name=\"twitter:label1\" content=\"Est. reading time\" \/>\n\t<meta name=\"twitter:data1\" content=\"1 minute\" \/>\n<script type=\"application\/ld+json\" class=\"yoast-schema-graph\">{\"@context\":\"https:\/\/schema.org\",\"@graph\":[{\"@type\":\"WebPage\",\"@id\":\"https:\/\/www.coopenoix.com\/identification-producteurs\/\",\"url\":\"https:\/\/www.coopenoix.com\/identification-producteurs\/\",\"name\":\"Espace producteur Coopenoix \u2013 Connectez-vous ou rejoignez-nous\u00a0!\",\"isPartOf\":{\"@id\":\"https:\/\/www.coopenoix.com\/#website\"},\"datePublished\":\"2014-06-11T14:37:38+00:00\",\"dateModified\":\"2022-01-31T15:32:35+00:00\",\"description\":\"Espace producteur Coopenoix \u2013 l'espace r\u00e9serv\u00e9 aux producteurs adh\u00e9rents et aux apporteurs\",\"breadcrumb\":{\"@id\":\"https:\/\/www.coopenoix.com\/identification-producteurs\/#breadcrumb\"},\"inLanguage\":\"en-US\",\"potentialAction\":[{\"@type\":\"ReadAction\",\"target\":[\"https:\/\/www.coopenoix.com\/identification-producteurs\/\"]}]},{\"@type\":\"BreadcrumbList\",\"@id\":\"https:\/\/www.coopenoix.com\/identification-producteurs\/#breadcrumb\",\"itemListElement\":[{\"@type\":\"ListItem\",\"position\":1,\"name\":\"Accueil\",\"item\":\"https:\/\/www.coopenoix.com\/\"},{\"@type\":\"ListItem\",\"position\":2,\"name\":\"Espace producteurs\"}]},{\"@type\":\"WebSite\",\"@id\":\"https:\/\/www.coopenoix.com\/#website\",\"url\":\"https:\/\/www.coopenoix.com\/\",\"name\":\"Coopenoix\",\"description\":\"La coop\u00e9ratve qui fait craquer la noix de Grenoble\",\"potentialAction\":[{\"@type\":\"SearchAction\",\"target\":{\"@type\":\"EntryPoint\",\"urlTemplate\":\"https:\/\/www.coopenoix.com\/?s={search_term_string}\"},\"query-input\":{\"@type\":\"PropertyValueSpecification\",\"valueRequired\":true,\"valueName\":\"search_term_string\"}}],\"inLanguage\":\"en-US\"}]}<\/script>\n<!-- \/ Yoast SEO plugin. -->","yoast_head_json":{"title":"Espace producteur Coopenoix \u2013 Connectez-vous ou rejoignez-nous\u00a0!","description":"Espace producteur Coopenoix \u2013 l'espace r\u00e9serv\u00e9 aux producteurs adh\u00e9rents et aux apporteurs","robots":{"index":"index","follow":"follow","max-snippet":"max-snippet:-1","max-image-preview":"max-image-preview:large","max-video-preview":"max-video-preview:-1"},"canonical":"https:\/\/www.coopenoix.com\/en\/identification-producteurs\/","og_locale":"en_US","og_type":"article","og_title":"Espace producteur Coopenoix \u2013 Connectez-vous ou rejoignez-nous\u00a0!","og_description":"Espace producteur Coopenoix \u2013 l'espace r\u00e9serv\u00e9 aux producteurs adh\u00e9rents et aux apporteurs","og_url":"https:\/\/www.coopenoix.com\/en\/identification-producteurs\/","og_site_name":"Coopenoix","article_modified_time":"2022-01-31T15:32:35+00:00","twitter_card":"summary_large_image","twitter_misc":{"Est. reading time":"1 minute"},"schema":{"@context":"https:\/\/schema.org","@graph":[{"@type":"WebPage","@id":"https:\/\/www.coopenoix.com\/identification-producteurs\/","url":"https:\/\/www.coopenoix.com\/identification-producteurs\/","name":"Espace producteur Coopenoix \u2013 Connectez-vous ou rejoignez-nous\u00a0!","isPartOf":{"@id":"https:\/\/www.coopenoix.com\/#website"},"datePublished":"2014-06-11T14:37:38+00:00","dateModified":"2022-01-31T15:32:35+00:00","description":"Espace producteur Coopenoix \u2013 l'espace r\u00e9serv\u00e9 aux producteurs adh\u00e9rents et aux apporteurs","breadcrumb":{"@id":"https:\/\/www.coopenoix.com\/identification-producteurs\/#breadcrumb"},"inLanguage":"en-US","potentialAction":[{"@type":"ReadAction","target":["https:\/\/www.coopenoix.com\/identification-producteurs\/"]}]},{"@type":"BreadcrumbList","@id":"https:\/\/www.coopenoix.com\/identification-producteurs\/#breadcrumb","itemListElement":[{"@type":"ListItem","position":1,"name":"Accueil","item":"https:\/\/www.coopenoix.com\/"},{"@type":"ListItem","position":2,"name":"Espace producteurs"}]},{"@type":"WebSite","@id":"https:\/\/www.coopenoix.com\/#website","url":"https:\/\/www.coopenoix.com\/","name":"Coopenoix","description":"La coop\u00e9ratve qui fait craquer la noix de Grenoble","potentialAction":[{"@type":"SearchAction","target":{"@type":"EntryPoint","urlTemplate":"https:\/\/www.coopenoix.com\/?s={search_term_string}"},"query-input":{"@type":"PropertyValueSpecification","valueRequired":true,"valueName":"search_term_string"}}],"inLanguage":"en-US"}]}},"_links":{"self":[{"href":"https:\/\/www.coopenoix.com\/en\/wp-json\/wp\/v2\/pages\/1907","targetHints":{"allow":["GET"]}}],"collection":[{"href":"https:\/\/www.coopenoix.com\/en\/wp-json\/wp\/v2\/pages"}],"about":[{"href":"https:\/\/www.coopenoix.com\/en\/wp-json\/wp\/v2\/types\/page"}],"author":[{"embeddable":true,"href":"https:\/\/www.coopenoix.com\/en\/wp-json\/wp\/v2\/users\/1"}],"replies":[{"embeddable":true,"href":"https:\/\/www.coopenoix.com\/en\/wp-json\/wp\/v2\/comments?post=1907"}],"version-history":[{"count":58,"href":"https:\/\/www.coopenoix.com\/en\/wp-json\/wp\/v2\/pages\/1907\/revisions"}],"predecessor-version":[{"id":9337,"href":"https:\/\/www.coopenoix.com\/en\/wp-json\/wp\/v2\/pages\/1907\/revisions\/9337"}],"wp:attachment":[{"href":"https:\/\/www.coopenoix.com\/en\/wp-json\/wp\/v2\/media?parent=1907"}],"curies":[{"name":"wp","href":"https:\/\/api.w.org\/{rel}","templated":true}]}}